{"id":6156,"date":"2021-05-08T14:16:15","date_gmt":"2021-05-08T07:16:15","guid":{"rendered":"https:\/\/dideal.vn\/?page_id=6156"},"modified":"2021-06-14T06:33:10","modified_gmt":"2021-06-13T23:33:10","slug":"cau-chuyen-khach-hang","status":"publish","type":"page","link":"https:\/\/dideal.vn\/en\/cau-chuyen-khach-hang\/","title":{"rendered":"CASE STUDIES"},"content":{"rendered":"<div data-elementor-type=\"wp-page\" data-elementor-id=\"6156\" class=\"elementor elementor-6156\" data-elementor-post-type=\"page\">\n\t\t\t\t\t\t<section class=\"elementor-section elementor-top-section elementor-element elementor-element-4089d4c elementor-section-full_width elementor-section-height-min-height elementor-section-height-default elementor-section-items-middle\" data-id=\"4089d4c\" data-element_type=\"section\" data-e-type=\"section\" data-settings=\"{&quot;background_background&quot;:&quot;classic&quot;}\">\n\t\t\t\t\t\t<div class=\"elementor-container elementor-column-gap-default\">\n\t\t\t\t\t<div class=\"elementor-column elementor-col-100 elementor-top-column elementor-element elementor-element-a274270\" data-id=\"a274270\" data-element_type=\"column\" data-e-type=\"column\">\n\t\t\t<div class=\"elementor-widget-wrap elementor-element-populated\">\n\t\t\t\t\t\t<div class=\"elementor-element elementor-element-8beec5b elementor-widget__width-initial elementor-widget elementor-widget-heading\" data-id=\"8beec5b\" data-element_type=\"widget\" data-e-type=\"widget\" data-widget_type=\"heading.default\">\n\t\t\t\t<div class=\"elementor-widget-container\">\n\t\t\t\t\t<h2 class=\"elementor-heading-title elementor-size-default\">BRAND STORIES<\/h2>\t\t\t\t<\/div>\n\t\t\t\t<\/div>\n\t\t\t\t\t<\/div>\n\t\t<\/div>\n\t\t\t\t\t<\/div>\n\t\t<\/section>\n\t\t\t\t<section class=\"elementor-section elementor-top-section elementor-element elementor-element-40837bd elementor-section-full_width elementor-section-height-default elementor-section-height-default\" data-id=\"40837bd\" data-element_type=\"section\" data-e-type=\"section\">\n\t\t\t\t\t\t<div class=\"elementor-container elementor-column-gap-default\">\n\t\t\t\t\t<div class=\"elementor-column elementor-col-100 elementor-top-column elementor-element elementor-element-bae9308\" data-id=\"bae9308\" data-element_type=\"column\" data-e-type=\"column\">\n\t\t\t<div class=\"elementor-widget-wrap elementor-element-populated\">\n\t\t\t\t\t\t<div class=\"elementor-element elementor-element-86c912f elementor-grid-3 elementor-grid-tablet-2 elementor-grid-mobile-1 elementor-posts--thumbnail-top elementor-widget elementor-widget-posts\" data-id=\"86c912f\" data-element_type=\"widget\" data-e-type=\"widget\" data-settings=\"{&quot;pagination_type&quot;:&quot;numbers&quot;,&quot;classic_columns&quot;:&quot;3&quot;,&quot;classic_columns_tablet&quot;:&quot;2&quot;,&quot;classic_columns_mobile&quot;:&quot;1&quot;,&quot;classic_row_gap&quot;:{&quot;unit&quot;:&quot;px&quot;,&quot;size&quot;:35,&quot;sizes&quot;:[]},&quot;classic_row_gap_tablet&quot;:{&quot;unit&quot;:&quot;px&quot;,&quot;size&quot;:&quot;&quot;,&quot;sizes&quot;:[]},&quot;classic_row_gap_mobile&quot;:{&quot;unit&quot;:&quot;px&quot;,&quot;size&quot;:&quot;&quot;,&quot;sizes&quot;:[]}}\" data-widget_type=\"posts.classic\">\n\t\t\t\t<div class=\"elementor-widget-container\">\n\t\t\t\t\t\t\t<div class=\"elementor-posts-container elementor-posts elementor-posts--skin-classic elementor-grid\">\n\t\t\t\t<article class=\"elementor-post elementor-grid-item post-6769 post type-post status-publish format-standard has-post-thumbnail hentry category-khach-hang\">\n\t\t\t\t<a class=\"elementor-post__thumbnail__link\" href=\"https:\/\/dideal.vn\/en\/virac\/\" tabindex=\"-1\" >\n\t\t\t<div class=\"elementor-post__thumbnail\"><img fetchpriority=\"high\" decoding=\"async\" width=\"554\" height=\"354\" src=\"https:\/\/dideal.vn\/wp-content\/uploads\/2021\/05\/virac-feature.jpg\" class=\"attachment-full size-full wp-image-6486\" alt=\"\" srcset=\"https:\/\/dideal.vn\/wp-content\/uploads\/2021\/05\/virac-feature.jpg 554w, https:\/\/dideal.vn\/wp-content\/uploads\/2021\/05\/virac-feature-16x10.jpg 16w\" sizes=\"(max-width: 554px) 100vw, 554px\" \/><\/div>\n\t\t<\/a>\n\t\t\t\t<div class=\"elementor-post__text\">\n\t\t\t\t<h3 class=\"elementor-post__title\">\n\t\t\t<a href=\"https:\/\/dideal.vn\/en\/virac\/\" >\n\t\t\t\tVirac\t\t\t<\/a>\n\t\t<\/h3>\n\t\t\t\t<div class=\"elementor-post__excerpt\">\n\t\t\t<p>\u0110\u01b0\u1ee3c th\u00e0nh l\u1eadp 2015 b\u1edfi \u00f4ng V\u0169 \u0110\u1ee9c Minh Hi\u1ebfu &#8211; \u0111\u00e3 c\u00f3 m\u01b0\u1eddi n\u0103m kinh nghi\u1ec7m trong l\u0129nh v\u1ef1c ng\u00e2n h\u00e0ng bao g\u1ed3m c\u00e1c l\u0129nh v\u1ef1c doanh nghi\u1ec7p, b\u00e1n l\u1ebb, ng\u00e2n h\u00e0ng \u0111\u1ea7u t\u01b0 t\u1ea1i c\u00e1c t\u1ed5 ch\u1ee9c l\u1edbn nh\u01b0 Vietcombank, C\u00f4ng ty ch\u1ee9ng kho\u00e1n ng\u00e2n h\u00e0ng Qu\u00e2n \u0111\u1ed9i, Oceanbank. Ch\u00ednh v\u00ec th\u1ebf VIRAC \u0111\u01b0\u1ee3c th\u00e0nh l\u1eadp b\u1edfi \u0111\u1ed9i ng\u0169 nh\u00e2n s\u1ef1 c\u00f3 uy t\u00edn v\u00e0 chuy\u00ean m\u00f4n v\u1ec1<\/p>\n\t\t<\/div>\n\t\t\n\t\t<a class=\"elementor-post__read-more\" href=\"https:\/\/dideal.vn\/en\/virac\/\" aria-label=\"Read more about Virac\" tabindex=\"-1\" >\n\t\t\tREAD MORE \u00bb\t\t<\/a>\n\n\t\t\t\t<\/div>\n\t\t\t\t<\/article>\n\t\t\t\t<article class=\"elementor-post elementor-grid-item post-6767 post type-post status-publish format-standard has-post-thumbnail hentry category-khach-hang\">\n\t\t\t\t<a class=\"elementor-post__thumbnail__link\" href=\"https:\/\/dideal.vn\/en\/ipos\/\" tabindex=\"-1\" >\n\t\t\t<div class=\"elementor-post__thumbnail\"><img decoding=\"async\" width=\"554\" height=\"354\" src=\"https:\/\/dideal.vn\/wp-content\/uploads\/2021\/05\/ipos-feature.jpg\" class=\"attachment-full size-full wp-image-6488\" alt=\"\" srcset=\"https:\/\/dideal.vn\/wp-content\/uploads\/2021\/05\/ipos-feature.jpg 554w, https:\/\/dideal.vn\/wp-content\/uploads\/2021\/05\/ipos-feature-16x10.jpg 16w\" sizes=\"(max-width: 554px) 100vw, 554px\" \/><\/div>\n\t\t<\/a>\n\t\t\t\t<div class=\"elementor-post__text\">\n\t\t\t\t<h3 class=\"elementor-post__title\">\n\t\t\t<a href=\"https:\/\/dideal.vn\/en\/ipos\/\" >\n\t\t\t\tiPOS\t\t\t<\/a>\n\t\t<\/h3>\n\t\t\t\t<div class=\"elementor-post__excerpt\">\n\t\t\t<p>L\u00e0 m\u1ed9t c\u00f4ng ty h\u00e0ng \u0111\u1ea7u trong l\u0129nh v\u1ef1c gi\u1ea3i ph\u00e1p cho ng\u00e0nh F&amp;B. Dideal c\u00f3 c\u01a1 h\u1ed9i g\u1eb7p g\u1ee1 v\u00e0 gi\u1ea3i quy\u1ebft m\u1ed9t s\u1ed1 v\u1ea5n \u0111\u1ec1 v\u1ec1 perfomance cho d\u1ef1 \u00e1n. T\u1eeb \u0111\u00f3, nh\u1edd s\u1ef1 tin t\u01b0\u1edfng hai b\u00ean \u0111\u00e3 ph\u00e1t tri\u1ec3n ra nhi\u1ec1u k\u00eanh trong digital \u0111\u1ec3 ph\u00e1t tri\u1ec3n d\u1ef1 \u00e1n iPOS.vn to\u00e0n di\u1ec7n h\u01a1n. \u0110i\u1ec3n h\u00ecnh l\u00e0 qu\u1ea3ng c\u00e1o Facebook v\u00e0 t\u1ed1i \u01b0u SEO cho h\u1ec7 th\u1ed1ng<\/p>\n\t\t<\/div>\n\t\t\n\t\t<a class=\"elementor-post__read-more\" href=\"https:\/\/dideal.vn\/en\/ipos\/\" aria-label=\"Read more about iPOS\" tabindex=\"-1\" >\n\t\t\tREAD MORE \u00bb\t\t<\/a>\n\n\t\t\t\t<\/div>\n\t\t\t\t<\/article>\n\t\t\t\t<article class=\"elementor-post elementor-grid-item post-6765 post type-post status-publish format-standard has-post-thumbnail hentry category-khach-hang\">\n\t\t\t\t<a class=\"elementor-post__thumbnail__link\" href=\"https:\/\/dideal.vn\/en\/marshall\/\" tabindex=\"-1\" >\n\t\t\t<div class=\"elementor-post__thumbnail\"><img decoding=\"async\" width=\"554\" height=\"354\" src=\"https:\/\/dideal.vn\/wp-content\/uploads\/2021\/05\/marshall-feature.jpg\" class=\"attachment-full size-full wp-image-6487\" alt=\"\" srcset=\"https:\/\/dideal.vn\/wp-content\/uploads\/2021\/05\/marshall-feature.jpg 554w, https:\/\/dideal.vn\/wp-content\/uploads\/2021\/05\/marshall-feature-16x10.jpg 16w\" sizes=\"(max-width: 554px) 100vw, 554px\" \/><\/div>\n\t\t<\/a>\n\t\t\t\t<div class=\"elementor-post__text\">\n\t\t\t\t<h3 class=\"elementor-post__title\">\n\t\t\t<a href=\"https:\/\/dideal.vn\/en\/marshall\/\" >\n\t\t\t\tSoundWay.vn\t\t\t<\/a>\n\t\t<\/h3>\n\t\t\t\t<div class=\"elementor-post__excerpt\">\n\t\t\t<p>B\u1eaft ngu\u1ed3n t\u1eeb vi\u1ec7c kinh doanh \u0111\u1ed3 \u0111i\u1ec7n t\u1eed, Dideal \u0111\u00e3 c\u00f9ng x\u00e2y d\u1ef1ng d\u1ef1 \u00e1n chuy\u00ean ph\u00e2n ph\u1ed1i d\u00f2ng loa Marshall, nh\u01b0 1 \u0111\u1ea1i l\u00fd Life Style c\u1ee7a h\u00e3ng. M\u1ee5c ti\u00eau ch\u00ednh l\u00e0 \u0111\u1ea1t doanh thu trong n\u0103m v\u1ec1 doanh s\u1ed1. K\u1ebft qu\u1ea3: Doanh s\u1ed1 t\u0103ng nhi\u1ec1u l\u1ea7n so v\u1edbi m\u1ee5c ti\u00eau \u0111\u1ec1 ra ban \u0111\u1ea7u Dideal tr\u1edf th\u00e0nh \u0111\u01a1n v\u1ecb ph\u00e2n ph\u1ed1i l\u1edbn ph\u1ed1i h\u1ee3p c\u00f9ng ASH ph\u00e1t<\/p>\n\t\t<\/div>\n\t\t\n\t\t<a class=\"elementor-post__read-more\" href=\"https:\/\/dideal.vn\/en\/marshall\/\" aria-label=\"Read more about SoundWay.vn\" tabindex=\"-1\" >\n\t\t\tREAD MORE \u00bb\t\t<\/a>\n\n\t\t\t\t<\/div>\n\t\t\t\t<\/article>\n\t\t\t\t<\/div>\n\t\t\n\t\t\t\t\t\t<\/div>\n\t\t\t\t<\/div>\n\t\t\t\t\t<\/div>\n\t\t<\/div>\n\t\t\t\t\t<\/div>\n\t\t<\/section>\n\t\t\t\t<\/div>","protected":false},"excerpt":{"rendered":"<p>BRAND STORIES<\/p>","protected":false},"author":1,"featured_media":0,"parent":0,"menu_order":0,"comment_status":"closed","ping_status":"closed","template":"elementor_header_footer","meta":{"site-sidebar-layout":"no-sidebar","site-content-layout":"page-builder","ast-site-content-layout":"default","site-content-style":"default","site-sidebar-style":"default","ast-global-header-display":"","ast-banner-title-visibility":"","ast-main-header-display":"","ast-hfb-above-header-display":"","ast-hfb-below-header-display":"","ast-hfb-mobile-header-display":"","site-post-title":"disabled","ast-breadcrumbs-content":"","ast-featured-img":"disabled","footer-sml-layout":"","ast-disable-related-posts":"","theme-transparent-header-meta":"default","adv-header-id-meta":"","stick-header-meta":"","header-above-stick-meta":"","header-main-stick-meta":"","header-below-stick-meta":"","astra-migrate-meta-layouts":"default","ast-page-background-enabled":"default","ast-page-background-meta":{"desktop":{"background-color":"","background-image":"","background-repeat":"repeat","background-position":"center center","background-size":"auto","background-attachment":"scroll","background-type":"","background-media":"","overlay-type":"","overlay-color":"","overlay-opacity":"","overlay-gradient":""},"tablet":{"background-color":"","background-image":"","background-repeat":"repeat","background-position":"center center","background-size":"auto","background-attachment":"scroll","background-type":"","background-media":"","overlay-type":"","overlay-color":"","overlay-opacity":"","overlay-gradient":""},"mobile":{"background-color":"","background-image":"","background-repeat":"repeat","background-position":"center center","background-size":"auto","background-attachment":"scroll","background-type":"","background-media":"","overlay-type":"","overlay-color":"","overlay-opacity":"","overlay-gradient":""}},"ast-content-background-meta":{"desktop":{"background-color":"var(--ast-global-color-5)","background-image":"","background-repeat":"repeat","background-position":"center center","background-size":"auto","background-attachment":"scroll","background-type":"","background-media":"","overlay-type":"","overlay-color":"","overlay-opacity":"","overlay-gradient":""},"tablet":{"background-color":"var(--ast-global-color-5)","background-image":"","background-repeat":"repeat","background-position":"center center","background-size":"auto","background-attachment":"scroll","background-type":"","background-media":"","overlay-type":"","overlay-color":"","overlay-opacity":"","overlay-gradient":""},"mobile":{"background-color":"var(--ast-global-color-5)","background-image":"","background-repeat":"repeat","background-position":"center center","background-size":"auto","background-attachment":"scroll","background-type":"","background-media":"","overlay-type":"","overlay-color":"","overlay-opacity":"","overlay-gradient":""}},"footnotes":""},"class_list":["post-6156","page","type-page","status-publish","hentry"],"_links":{"self":[{"href":"https:\/\/dideal.vn\/en\/wp-json\/wp\/v2\/pages\/6156","targetHints":{"allow":["GET"]}}],"collection":[{"href":"https:\/\/dideal.vn\/en\/wp-json\/wp\/v2\/pages"}],"about":[{"href":"https:\/\/dideal.vn\/en\/wp-json\/wp\/v2\/types\/page"}],"author":[{"embeddable":true,"href":"https:\/\/dideal.vn\/en\/wp-json\/wp\/v2\/users\/1"}],"replies":[{"embeddable":true,"href":"https:\/\/dideal.vn\/en\/wp-json\/wp\/v2\/comments?post=6156"}],"version-history":[{"count":5,"href":"https:\/\/dideal.vn\/en\/wp-json\/wp\/v2\/pages\/6156\/revisions"}],"predecessor-version":[{"id":6822,"href":"https:\/\/dideal.vn\/en\/wp-json\/wp\/v2\/pages\/6156\/revisions\/6822"}],"wp:attachment":[{"href":"https:\/\/dideal.vn\/en\/wp-json\/wp\/v2\/media?parent=6156"}],"curies":[{"name":"wp","href":"https:\/\/api.w.org\/{rel}","templated":true}]}}